{"id":148,"date":"2025-06-30T04:09:40","date_gmt":"2025-06-30T04:09:40","guid":{"rendered":"https:\/\/siete.mg\/?page_id=148"},"modified":"2025-09-03T03:41:29","modified_gmt":"2025-09-03T03:41:29","slug":"info","status":"publish","type":"page","link":"https:\/\/siete.mg\/?page_id=148","title":{"rendered":"info"},"content":{"rendered":"\t\t<div data-elementor-type=\"wp-page\" data-elementor-id=\"148\" class=\"elementor elementor-148\">\n\t\t\t\t<div class=\"elementor-element elementor-element-225057f e-flex e-con-boxed e-con e-parent\" data-id=\"225057f\" data-element_type=\"container\" data-settings=\"{&quot;background_background&quot;:&quot;classic&quot;}\">\n\t\t\t\t\t<div class=\"e-con-inner\">\n\t\t\t\t<div class=\"elementor-element elementor-element-b740492 elementor-invisible elementor-widget elementor-widget-heading\" data-id=\"b740492\" data-element_type=\"widget\" data-settings=\"{&quot;_animation&quot;:&quot;fadeInUp&quot;}\" data-widget_type=\"heading.default\">\n\t\t\t\t<div class=\"elementor-widget-container\">\n\t\t\t\t\t<h2 class=\"elementor-heading-title elementor-size-default\">Restaurant &amp; <br>Bar Lounge <\/h2>\t\t\t\t<\/div>\n\t\t\t\t<\/div>\n\t\t<div class=\"elementor-element elementor-element-6de8eff e-con-full e-flex elementor-invisible e-con e-child\" data-id=\"6de8eff\" data-element_type=\"container\" data-settings=\"{&quot;animation&quot;:&quot;fadeInUp&quot;}\">\n\t\t\t\t<div class=\"elementor-element elementor-element-8ced12a elementor-widget elementor-widget-button\" data-id=\"8ced12a\" data-element_type=\"widget\" data-widget_type=\"button.default\">\n\t\t\t\t<div class=\"elementor-widget-container\">\n\t\t\t\t\t\t\t\t\t<div class=\"elementor-button-wrapper\">\n\t\t\t\t\t<a class=\"elementor-button elementor-button-link elementor-size-sm\" href=\"#\">\n\t\t\t\t\t\t<span class=\"elementor-button-content-wrapper\">\n\t\t\t\t\t\t\t\t\t<span class=\"elementor-button-text\">Lounge Bar<\/span>\n\t\t\t\t\t<\/span>\n\t\t\t\t\t<\/a>\n\t\t\t\t<\/div>\n\t\t\t\t\t\t\t\t<\/div>\n\t\t\t\t<\/div>\n\t\t\t\t<div class=\"elementor-element elementor-element-ff30723 elementor-widget elementor-widget-button\" data-id=\"ff30723\" data-element_type=\"widget\" data-widget_type=\"button.default\">\n\t\t\t\t<div class=\"elementor-widget-container\">\n\t\t\t\t\t\t\t\t\t<div class=\"elementor-button-wrapper\">\n\t\t\t\t\t<a class=\"elementor-button elementor-button-link elementor-size-sm\" href=\"#\">\n\t\t\t\t\t\t<span class=\"elementor-button-content-wrapper\">\n\t\t\t\t\t\t\t\t\t<span class=\"elementor-button-text\">Restaurants<\/span>\n\t\t\t\t\t<\/span>\n\t\t\t\t\t<\/a>\n\t\t\t\t<\/div>\n\t\t\t\t\t\t\t\t<\/div>\n\t\t\t\t<\/div>\n\t\t\t\t<div class=\"elementor-element elementor-element-ba2b619 elementor-widget elementor-widget-button\" data-id=\"ba2b619\" data-element_type=\"widget\" data-widget_type=\"button.default\">\n\t\t\t\t<div class=\"elementor-widget-container\">\n\t\t\t\t\t\t\t\t\t<div class=\"elementor-button-wrapper\">\n\t\t\t\t\t<a class=\"elementor-button elementor-button-link elementor-size-sm\" href=\"#\">\n\t\t\t\t\t\t<span class=\"elementor-button-content-wrapper\">\n\t\t\t\t\t\t\t\t\t<span class=\"elementor-button-text\">Evenement<\/span>\n\t\t\t\t\t<\/span>\n\t\t\t\t\t<\/a>\n\t\t\t\t<\/div>\n\t\t\t\t\t\t\t\t<\/div>\n\t\t\t\t<\/div>\n\t\t\t\t<\/div>\n\t\t\t\t\t<\/div>\n\t\t\t\t<\/div>\n\t\t<div class=\"elementor-element elementor-element-957663b e-flex e-con-boxed e-con e-parent\" data-id=\"957663b\" data-element_type=\"container\">\n\t\t\t\t\t<div class=\"e-con-inner\">\n\t\t<div class=\"elementor-element elementor-element-1cc5fe0 e-con-full e-flex elementor-invisible e-con e-child\" data-id=\"1cc5fe0\" data-element_type=\"container\" data-settings=\"{&quot;animation&quot;:&quot;fadeInLeft&quot;}\">\n\t\t\t\t<div class=\"elementor-element elementor-element-ee8b72c elementor-widget elementor-widget-image\" data-id=\"ee8b72c\" data-element_type=\"widget\" data-widget_type=\"image.default\">\n\t\t\t\t<div class=\"elementor-widget-container\">\n\t\t\t\t\t\t\t\t\t\t\t\t\t\t\t<img fetchpriority=\"high\" decoding=\"async\" width=\"488\" height=\"266\" src=\"https:\/\/siete.mg\/wp-content\/uploads\/2025\/06\/s-removebg-preview-3.png\" class=\"attachment-large size-large wp-image-151\" alt=\"\" srcset=\"https:\/\/siete.mg\/wp-content\/uploads\/2025\/06\/s-removebg-preview-3.png 488w, https:\/\/siete.mg\/wp-content\/uploads\/2025\/06\/s-removebg-preview-3-300x164.png 300w\" sizes=\"(max-width: 488px) 100vw, 488px\" \/>\t\t\t\t\t\t\t\t\t\t\t\t\t\t\t<\/div>\n\t\t\t\t<\/div>\n\t\t\t\t<div class=\"elementor-element elementor-element-a5d7aa8 elementor-widget elementor-widget-google_maps\" data-id=\"a5d7aa8\" data-element_type=\"widget\" data-widget_type=\"google_maps.default\">\n\t\t\t\t<div class=\"elementor-widget-container\">\n\t\t\t\t\t\t\t<div class=\"elementor-custom-embed\">\n\t\t\t<iframe loading=\"lazy\"\n\t\t\t\t\tsrc=\"https:\/\/maps.google.com\/maps?q=Siete_antananarivo%20Madagascar&#038;t=m&#038;z=13&#038;output=embed&#038;iwloc=near\"\n\t\t\t\t\ttitle=\"Siete_antananarivo Madagascar\"\n\t\t\t\t\taria-label=\"Siete_antananarivo Madagascar\"\n\t\t\t><\/iframe>\n\t\t<\/div>\n\t\t\t\t\t\t<\/div>\n\t\t\t\t<\/div>\n\t\t\t\t<\/div>\n\t\t<div class=\"elementor-element elementor-element-5e16ee9 e-con-full e-flex elementor-invisible e-con e-child\" data-id=\"5e16ee9\" data-element_type=\"container\" data-settings=\"{&quot;animation&quot;:&quot;fadeInRight&quot;}\">\n\t\t\t\t<div class=\"elementor-element elementor-element-b43b152 elementor-widget elementor-widget-heading\" data-id=\"b43b152\" data-element_type=\"widget\" data-widget_type=\"heading.default\">\n\t\t\t\t<div class=\"elementor-widget-container\">\n\t\t\t\t\t<h2 class=\"elementor-heading-title elementor-size-default\">Go\u00fbtez \u00e0 l\u2019instant pr\u00e9sent<\/h2>\t\t\t\t<\/div>\n\t\t\t\t<\/div>\n\t\t<div class=\"elementor-element elementor-element-871f1c0 e-con-full e-flex e-con e-child\" data-id=\"871f1c0\" data-element_type=\"container\">\n\t\t\t\t<div class=\"elementor-element elementor-element-05f0260 elementor-widget elementor-widget-text-editor\" data-id=\"05f0260\" data-element_type=\"widget\" data-widget_type=\"text-editor.default\">\n\t\t\t\t<div class=\"elementor-widget-container\">\n\t\t\t\t\t\t\t\t\t<p>Que vous veniez pour un d\u00e9jeuner entre coll\u00e8gues, un ap\u00e9ro entre amis ou un d\u00eener en amoureux<\/p>\t\t\t\t\t\t\t\t<\/div>\n\t\t\t\t<\/div>\n\t\t\t\t<\/div>\n\t\t<div class=\"elementor-element elementor-element-f120dc2 e-con-full e-flex e-con e-child\" data-id=\"f120dc2\" data-element_type=\"container\">\n\t\t<div class=\"elementor-element elementor-element-456a8ac e-con-full e-flex e-con e-child\" data-id=\"456a8ac\" data-element_type=\"container\">\n\t\t\t\t<div class=\"elementor-element elementor-element-3a84631 elementor-widget elementor-widget-image\" data-id=\"3a84631\" data-element_type=\"widget\" data-widget_type=\"image.default\">\n\t\t\t\t<div class=\"elementor-widget-container\">\n\t\t\t\t\t\t\t\t\t\t\t\t\t\t\t<img decoding=\"async\" width=\"161\" height=\"161\" src=\"https:\/\/siete.mg\/wp-content\/uploads\/2025\/06\/Qrcode_wikipedia_fr_v2clean-1.png\" class=\"attachment-large size-large wp-image-152\" alt=\"\" srcset=\"https:\/\/siete.mg\/wp-content\/uploads\/2025\/06\/Qrcode_wikipedia_fr_v2clean-1.png 161w, https:\/\/siete.mg\/wp-content\/uploads\/2025\/06\/Qrcode_wikipedia_fr_v2clean-1-150x150.png 150w\" sizes=\"(max-width: 161px) 100vw, 161px\" \/>\t\t\t\t\t\t\t\t\t\t\t\t\t\t\t<\/div>\n\t\t\t\t<\/div>\n\t\t\t\t<\/div>\n\t\t<div class=\"elementor-element elementor-element-ce67153 e-con-full e-flex e-con e-child\" data-id=\"ce67153\" data-element_type=\"container\">\n\t\t\t\t<div class=\"elementor-element elementor-element-733cc0b elementor-widget elementor-widget-heading\" data-id=\"733cc0b\" data-element_type=\"widget\" data-widget_type=\"heading.default\">\n\t\t\t\t<div class=\"elementor-widget-container\">\n\t\t\t\t\t<h2 class=\"elementor-heading-title elementor-size-default\">TEL : 0388077707<\/h2>\t\t\t\t<\/div>\n\t\t\t\t<\/div>\n\t\t\t\t<div class=\"elementor-element elementor-element-826f81b elementor-widget elementor-widget-heading\" data-id=\"826f81b\" data-element_type=\"widget\" data-widget_type=\"heading.default\">\n\t\t\t\t<div class=\"elementor-widget-container\">\n\t\t\t\t\t<h2 class=\"elementor-heading-title elementor-size-default\">Email : Info@siete.mg <\/h2>\t\t\t\t<\/div>\n\t\t\t\t<\/div>\n\t\t\t\t<div class=\"elementor-element elementor-element-5ad97c0 elementor-widget elementor-widget-heading\" data-id=\"5ad97c0\" data-element_type=\"widget\" data-widget_type=\"heading.default\">\n\t\t\t\t<div class=\"elementor-widget-container\">\n\t\t\t\t\t<h2 class=\"elementor-heading-title elementor-size-default\"><a href=\"https:\/\/www.instagram.com\/siete_antananarivo\/\">Instagram : Siete_antananarivo<\/a><\/h2>\t\t\t\t<\/div>\n\t\t\t\t<\/div>\n\t\t\t\t<\/div>\n\t\t\t\t<\/div>\n\t\t\t\t<\/div>\n\t\t\t\t\t<\/div>\n\t\t\t\t<\/div>\n\t\t\t\t<\/div>\n\t\t","protected":false},"excerpt":{"rendered":"<p>Restaurant &amp; Bar Lounge Lounge Bar Restaurants Evenement Go\u00fbtez \u00e0 l\u2019instant pr\u00e9sent Que vous veniez pour un d\u00e9jeuner entre coll\u00e8gues, un ap\u00e9ro entre amis ou un d\u00eener en amoureux TEL : 0388077707 Email : Info@siete.mg Instagram : Siete_antananarivo<\/p>\n","protected":false},"author":1,"featured_media":0,"parent":0,"menu_order":0,"comment_status":"closed","ping_status":"closed","template":"elementor_header_footer","meta":{"footnotes":""},"class_list":["post-148","page","type-page","status-publish","hentry"],"_links":{"self":[{"href":"https:\/\/siete.mg\/index.php?rest_route=\/wp\/v2\/pages\/148","targetHints":{"allow":["GET"]}}],"collection":[{"href":"https:\/\/siete.mg\/index.php?rest_route=\/wp\/v2\/pages"}],"about":[{"href":"https:\/\/siete.mg\/index.php?rest_route=\/wp\/v2\/types\/page"}],"author":[{"embeddable":true,"href":"https:\/\/siete.mg\/index.php?rest_route=\/wp\/v2\/users\/1"}],"replies":[{"embeddable":true,"href":"https:\/\/siete.mg\/index.php?rest_route=%2Fwp%2Fv2%2Fcomments&post=148"}],"version-history":[{"count":13,"href":"https:\/\/siete.mg\/index.php?rest_route=\/wp\/v2\/pages\/148\/revisions"}],"predecessor-version":[{"id":394,"href":"https:\/\/siete.mg\/index.php?rest_route=\/wp\/v2\/pages\/148\/revisions\/394"}],"wp:attachment":[{"href":"https:\/\/siete.mg\/index.php?rest_route=%2Fwp%2Fv2%2Fmedia&parent=148"}],"curies":[{"name":"wp","href":"https:\/\/api.w.org\/{rel}","templated":true}]}}