{"id":78,"date":"2025-06-29T09:24:39","date_gmt":"2025-06-29T09:24:39","guid":{"rendered":"https:\/\/siete.mg\/?page_id=78"},"modified":"2025-07-01T10:42:06","modified_gmt":"2025-07-01T10:42:06","slug":"restaurant","status":"publish","type":"page","link":"https:\/\/siete.mg\/?page_id=78","title":{"rendered":"restaurant"},"content":{"rendered":"\t\t<div data-elementor-type=\"wp-page\" data-elementor-id=\"78\" class=\"elementor elementor-78\">\n\t\t\t\t<div class=\"elementor-element elementor-element-c9a43f3 e-flex e-con-boxed e-con e-parent\" data-id=\"c9a43f3\" data-element_type=\"container\" data-settings=\"{&quot;background_background&quot;:&quot;classic&quot;}\">\n\t\t\t\t\t<div class=\"e-con-inner\">\n\t\t\t\t<div class=\"elementor-element elementor-element-970626e elementor-invisible elementor-widget elementor-widget-heading\" data-id=\"970626e\" data-element_type=\"widget\" data-settings=\"{&quot;_animation&quot;:&quot;fadeInUp&quot;}\" data-widget_type=\"heading.default\">\n\t\t\t\t<div class=\"elementor-widget-container\">\n\t\t\t\t\t<h2 class=\"elementor-heading-title elementor-size-default\">Le Restaurant<\/h2>\t\t\t\t<\/div>\n\t\t\t\t<\/div>\n\t\t\t\t\t<\/div>\n\t\t\t\t<\/div>\n\t\t<div class=\"elementor-element elementor-element-3e669be e-flex e-con-boxed e-con e-parent\" data-id=\"3e669be\" data-element_type=\"container\" data-settings=\"{&quot;background_background&quot;:&quot;classic&quot;}\">\n\t\t\t\t\t<div class=\"e-con-inner\">\n\t\t\t\t<div class=\"elementor-element elementor-element-2ecf0c9 elementor-invisible elementor-widget elementor-widget-heading\" data-id=\"2ecf0c9\" data-element_type=\"widget\" data-settings=\"{&quot;_animation&quot;:&quot;fadeInUp&quot;}\" data-widget_type=\"heading.default\">\n\t\t\t\t<div class=\"elementor-widget-container\">\n\t\t\t\t\t<h2 class=\"elementor-heading-title elementor-size-default\">Notre Philosophie<\/h2>\t\t\t\t<\/div>\n\t\t\t\t<\/div>\n\t\t<div class=\"elementor-element elementor-element-bdb94b5 e-con-full e-flex e-con e-child\" data-id=\"bdb94b5\" data-element_type=\"container\">\n\t\t\t\t<div class=\"elementor-element elementor-element-f0400ac elementor-invisible elementor-widget elementor-widget-text-editor\" data-id=\"f0400ac\" data-element_type=\"widget\" data-settings=\"{&quot;_animation&quot;:&quot;fadeInUp&quot;}\" data-widget_type=\"text-editor.default\">\n\t\t\t\t<div class=\"elementor-widget-container\">\n\t\t\t\t\t\t\t\t\t<p>Le Siete incarne une vision moderne et audacieuse de la bistronomie. Nous combinons la cr\u00e9ativit\u00e9 culinaire, la qualit\u00e9 des produits, et l\u2019art de recevoir pour cr\u00e9er une exp\u00e9rience m\u00e9morable, accessible mais exceptionnelle.<\/p>\t\t\t\t\t\t\t\t<\/div>\n\t\t\t\t<\/div>\n\t\t\t\t<\/div>\n\t\t\t\t<div class=\"elementor-element elementor-element-a6dba1d elementor-invisible elementor-widget elementor-widget-button\" data-id=\"a6dba1d\" data-element_type=\"widget\" data-settings=\"{&quot;_animation&quot;:&quot;fadeInUp&quot;}\" data-widget_type=\"button.default\">\n\t\t\t\t<div class=\"elementor-widget-container\">\n\t\t\t\t\t\t\t\t\t<div class=\"elementor-button-wrapper\">\n\t\t\t\t\t<a class=\"elementor-button elementor-button-link elementor-size-sm\" href=\"#\">\n\t\t\t\t\t\t<span class=\"elementor-button-content-wrapper\">\n\t\t\t\t\t\t\t\t\t<span class=\"elementor-button-text\">Contactez-Nous<\/span>\n\t\t\t\t\t<\/span>\n\t\t\t\t\t<\/a>\n\t\t\t\t<\/div>\n\t\t\t\t\t\t\t\t<\/div>\n\t\t\t\t<\/div>\n\t\t\t\t\t<\/div>\n\t\t\t\t<\/div>\n\t\t<div class=\"elementor-element elementor-element-29d12cf e-flex e-con-boxed e-con e-parent\" data-id=\"29d12cf\" data-element_type=\"container\">\n\t\t\t\t\t<div class=\"e-con-inner\">\n\t\t<div class=\"elementor-element elementor-element-205c63f e-con-full e-flex elementor-invisible e-con e-child\" data-id=\"205c63f\" data-element_type=\"container\" data-settings=\"{&quot;animation&quot;:&quot;fadeInLeft&quot;}\">\n\t\t\t\t<div class=\"elementor-element elementor-element-6b0172c elementor-widget elementor-widget-heading\" data-id=\"6b0172c\" data-element_type=\"widget\" data-widget_type=\"heading.default\">\n\t\t\t\t<div class=\"elementor-widget-container\">\n\t\t\t\t\t<h2 class=\"elementor-heading-title elementor-size-default\">Ambiance &amp; \u00c9v\u00e9nements \u00e0 Antananarivo<\/h2>\t\t\t\t<\/div>\n\t\t\t\t<\/div>\n\t\t<div class=\"elementor-element elementor-element-bf014be e-con-full e-flex e-con e-child\" data-id=\"bf014be\" data-element_type=\"container\">\n\t\t\t\t<div class=\"elementor-element elementor-element-945c7c8 elementor-widget elementor-widget-text-editor\" data-id=\"945c7c8\" data-element_type=\"widget\" data-widget_type=\"text-editor.default\">\n\t\t\t\t<div class=\"elementor-widget-container\">\n\t\t\t\t\t\t\t\t\t<p><span style=\"font-weight: 400;\">Situ\u00e9 au c\u0153ur d\u2019Antananarivo, <\/span><b>Le Siete<\/b><span style=\"font-weight: 400;\"> r\u00e9invente l\u2019exp\u00e9rience bistronomique dans une ambiance festive et chaleureuse. Notre \u00e9tablissement allie cuisine cr\u00e9ative, produits de qualit\u00e9 et service attentionn\u00e9 pour offrir un moment unique \u00e0 chaque visite. Que ce soit pour un d\u00eener entre amis, une soir\u00e9e anim\u00e9e ou un \u00e9v\u00e9nement priv\u00e9, Le Siete vous promet une escapade gourmande pleine de saveurs et de convivialit\u00e9.<\/span><\/p>\t\t\t\t\t\t\t\t<\/div>\n\t\t\t\t<\/div>\n\t\t\t\t<\/div>\n\t\t<div class=\"elementor-element elementor-element-96be857 e-con-full e-flex e-con e-child\" data-id=\"96be857\" data-element_type=\"container\">\n\t\t\t\t<div class=\"elementor-element elementor-element-fa4c4bf elementor-widget elementor-widget-image\" data-id=\"fa4c4bf\" data-element_type=\"widget\" data-widget_type=\"image.default\">\n\t\t\t\t<div class=\"elementor-widget-container\">\n\t\t\t\t\t\t\t\t\t\t\t\t\t\t\t<img decoding=\"async\" src=\"https:\/\/siete.mg\/wp-content\/uploads\/elementor\/thumbs\/WhatsApp-Image-2025-05-17-at-15.00.57-2-r83xuifg9e5h6pk1nw0z8oncsrsgew4e24tddiys20.jpeg\" title=\"WhatsApp Image 2025-05-17 at 15.00.57 (2)\" alt=\"WhatsApp Image 2025-05-17 at 15.00.57 (2)\" loading=\"lazy\" \/>\t\t\t\t\t\t\t\t\t\t\t\t\t\t\t<\/div>\n\t\t\t\t<\/div>\n\t\t\t\t<\/div>\n\t\t\t\t<\/div>\n\t\t<div class=\"elementor-element elementor-element-78ae162 e-con-full e-flex elementor-invisible e-con e-child\" data-id=\"78ae162\" data-element_type=\"container\" data-settings=\"{&quot;animation&quot;:&quot;fadeInRight&quot;}\">\n\t\t\t\t<div class=\"elementor-element elementor-element-bebb2e7 elementor-widget elementor-widget-heading\" data-id=\"bebb2e7\" data-element_type=\"widget\" data-widget_type=\"heading.default\">\n\t\t\t\t<div class=\"elementor-widget-container\">\n\t\t\t\t\t<h2 class=\"elementor-heading-title elementor-size-default\">Un lieu de vie festif et raffin\u00e9<\/h2>\t\t\t\t<\/div>\n\t\t\t\t<\/div>\n\t\t<div class=\"elementor-element elementor-element-2fdcffd e-con-full e-flex e-con e-child\" data-id=\"2fdcffd\" data-element_type=\"container\">\n\t\t\t\t<div class=\"elementor-element elementor-element-b2f4d44 elementor-widget elementor-widget-text-editor\" data-id=\"b2f4d44\" data-element_type=\"widget\" data-widget_type=\"text-editor.default\">\n\t\t\t\t<div class=\"elementor-widget-container\">\n\t\t\t\t\t\t\t\t\t<p><span style=\"font-weight: 400;\">Bien plus qu\u2019un simple restaurant, <\/span><b>Le Siete<\/b><span style=\"font-weight: 400;\"> est un v\u00e9ritable lieu de vie o\u00f9 la gastronomie rencontre la f\u00eate. Animations, DJ sets, soir\u00e9es \u00e0 th\u00e8me\u2026 chaque \u00e9v\u00e9nement est pens\u00e9 pour surprendre et ravir nos convives. Dans une atmosph\u00e8re \u00e9l\u00e9gante et d\u00e9contract\u00e9e, nous mettons un point d&rsquo;honneur \u00e0 faire de chaque soir\u00e9e un souvenir inoubliable, au c\u0153ur de la capitale malgache.<\/span>.<\/p>\t\t\t\t\t\t\t\t<\/div>\n\t\t\t\t<\/div>\n\t\t\t\t<\/div>\n\t\t<div class=\"elementor-element elementor-element-315add5 e-con-full e-flex e-con e-child\" data-id=\"315add5\" data-element_type=\"container\">\n\t\t\t\t<div class=\"elementor-element elementor-element-322ed76 elementor-widget elementor-widget-image\" data-id=\"322ed76\" data-element_type=\"widget\" data-widget_type=\"image.default\">\n\t\t\t\t<div class=\"elementor-widget-container\">\n\t\t\t\t\t\t\t\t\t\t\t\t\t\t\t<img decoding=\"async\" src=\"https:\/\/siete.mg\/wp-content\/uploads\/elementor\/thumbs\/WhatsApp-Image-2025-05-17-at-15.00.52-r83xvz2ew45j8vfl4is34bd62cl0dxxcxdck90sqdk.jpeg\" title=\"WhatsApp Image 2025-05-17 at 15.00.52\" alt=\"WhatsApp Image 2025-05-17 at 15.00.52\" loading=\"lazy\" \/>\t\t\t\t\t\t\t\t\t\t\t\t\t\t\t<\/div>\n\t\t\t\t<\/div>\n\t\t\t\t<\/div>\n\t\t\t\t<\/div>\n\t\t\t\t\t<\/div>\n\t\t\t\t<\/div>\n\t\t<div class=\"elementor-element elementor-element-552e4b2 e-flex e-con-boxed e-con e-parent\" data-id=\"552e4b2\" data-element_type=\"container\" data-settings=\"{&quot;background_background&quot;:&quot;classic&quot;}\">\n\t\t\t\t\t<div class=\"e-con-inner\">\n\t\t<div class=\"elementor-element elementor-element-03b2014 e-con-full e-flex elementor-invisible e-con e-child\" data-id=\"03b2014\" data-element_type=\"container\" data-settings=\"{&quot;background_background&quot;:&quot;classic&quot;,&quot;animation&quot;:&quot;zoomIn&quot;}\">\n\t\t\t\t<div class=\"elementor-element elementor-element-ac950ff elementor-widget elementor-widget-heading\" data-id=\"ac950ff\" data-element_type=\"widget\" data-widget_type=\"heading.default\">\n\t\t\t\t<div class=\"elementor-widget-container\">\n\t\t\t\t\t<h2 class=\"elementor-heading-title elementor-size-default\">La Carte du<\/h2>\t\t\t\t<\/div>\n\t\t\t\t<\/div>\n\t\t\t\t<div class=\"elementor-element elementor-element-0be21b4 elementor-widget elementor-widget-heading\" data-id=\"0be21b4\" data-element_type=\"widget\" data-widget_type=\"heading.default\">\n\t\t\t\t<div class=\"elementor-widget-container\">\n\t\t\t\t\t<h2 class=\"elementor-heading-title elementor-size-default\">RESTAURANT<\/h2>\t\t\t\t<\/div>\n\t\t\t\t<\/div>\n\t\t<div class=\"elementor-element elementor-element-460ba9c e-con-full e-flex e-con e-child\" data-id=\"460ba9c\" data-element_type=\"container\">\n\t\t\t\t<div class=\"elementor-element elementor-element-61a3d65 elementor-widget elementor-widget-text-editor\" data-id=\"61a3d65\" data-element_type=\"widget\" data-widget_type=\"text-editor.default\">\n\t\t\t\t<div class=\"elementor-widget-container\">\n\t\t\t\t\t\t\t\t\t<p>Siete vous propose ici, une cuisine familiale, conviviale &amp;<br \/>chaleureuse et de qualit\u00e9, d&rsquo;inspiration m\u00e9diterran\u00e9enne.<\/p>\t\t\t\t\t\t\t\t<\/div>\n\t\t\t\t<\/div>\n\t\t\t\t<\/div>\n\t\t\t\t<div class=\"elementor-element elementor-element-d702efe elementor-widget elementor-widget-button\" data-id=\"d702efe\" data-element_type=\"widget\" data-widget_type=\"button.default\">\n\t\t\t\t<div class=\"elementor-widget-container\">\n\t\t\t\t\t\t\t\t\t<div class=\"elementor-button-wrapper\">\n\t\t\t\t\t<a class=\"elementor-button elementor-button-link elementor-size-sm\" href=\"https:\/\/siete.mg\/?page_id=90\">\n\t\t\t\t\t\t<span class=\"elementor-button-content-wrapper\">\n\t\t\t\t\t\t\t\t\t<span class=\"elementor-button-text\">D\u00e9couvrir<\/span>\n\t\t\t\t\t<\/span>\n\t\t\t\t\t<\/a>\n\t\t\t\t<\/div>\n\t\t\t\t\t\t\t\t<\/div>\n\t\t\t\t<\/div>\n\t\t\t\t<\/div>\n\t\t<div class=\"elementor-element elementor-element-7002098 e-con-full e-flex elementor-invisible e-con e-child\" data-id=\"7002098\" data-element_type=\"container\" data-settings=\"{&quot;background_background&quot;:&quot;classic&quot;,&quot;animation&quot;:&quot;zoomIn&quot;}\">\n\t\t\t\t<\/div>\n\t\t\t\t\t<\/div>\n\t\t\t\t<\/div>\n\t\t<div class=\"elementor-element elementor-element-3be189e e-flex e-con-boxed e-con e-parent\" data-id=\"3be189e\" data-element_type=\"container\" data-settings=\"{&quot;background_background&quot;:&quot;classic&quot;}\">\n\t\t\t\t\t<div class=\"e-con-inner\">\n\t\t<div class=\"elementor-element elementor-element-f9f970f e-con-full e-flex elementor-invisible e-con e-child\" data-id=\"f9f970f\" data-element_type=\"container\" data-settings=\"{&quot;background_background&quot;:&quot;classic&quot;,&quot;animation&quot;:&quot;fadeInUp&quot;}\">\n\t\t\t\t<div class=\"elementor-element elementor-element-e1f327f elementor-widget elementor-widget-image\" data-id=\"e1f327f\" data-element_type=\"widget\" data-widget_type=\"image.default\">\n\t\t\t\t<div class=\"elementor-widget-container\">\n\t\t\t\t\t\t\t\t\t\t\t\t\t\t\t<img fetchpriority=\"high\" decoding=\"async\" width=\"800\" height=\"533\" src=\"https:\/\/siete.mg\/wp-content\/uploads\/2025\/07\/WhatsApp-Image-2025-05-17-at-14.58.07-1024x682.jpeg\" class=\"attachment-large size-large wp-image-301\" alt=\"\" srcset=\"https:\/\/siete.mg\/wp-content\/uploads\/2025\/07\/WhatsApp-Image-2025-05-17-at-14.58.07-1024x682.jpeg 1024w, https:\/\/siete.mg\/wp-content\/uploads\/2025\/07\/WhatsApp-Image-2025-05-17-at-14.58.07-300x200.jpeg 300w, https:\/\/siete.mg\/wp-content\/uploads\/2025\/07\/WhatsApp-Image-2025-05-17-at-14.58.07-768x512.jpeg 768w, https:\/\/siete.mg\/wp-content\/uploads\/2025\/07\/WhatsApp-Image-2025-05-17-at-14.58.07.jpeg 1280w\" sizes=\"(max-width: 800px) 100vw, 800px\" \/>\t\t\t\t\t\t\t\t\t\t\t\t\t\t\t<\/div>\n\t\t\t\t<\/div>\n\t\t\t\t<\/div>\n\t\t<div class=\"elementor-element elementor-element-592bc27 e-con-full e-flex elementor-invisible e-con e-child\" data-id=\"592bc27\" data-element_type=\"container\" data-settings=\"{&quot;background_background&quot;:&quot;classic&quot;,&quot;animation&quot;:&quot;fadeInUp&quot;}\">\n\t\t\t\t<div class=\"elementor-element elementor-element-2e184db elementor-widget elementor-widget-heading\" data-id=\"2e184db\" data-element_type=\"widget\" data-widget_type=\"heading.default\">\n\t\t\t\t<div class=\"elementor-widget-container\">\n\t\t\t\t\t<h2 class=\"elementor-heading-title elementor-size-default\">Les rendez-vous du Siete<\/h2>\t\t\t\t<\/div>\n\t\t\t\t<\/div>\n\t\t<div class=\"elementor-element elementor-element-c2b8716 e-con-full e-flex e-con e-child\" data-id=\"c2b8716\" data-element_type=\"container\">\n\t\t\t\t<div class=\"elementor-element elementor-element-df610e6 elementor-widget elementor-widget-text-editor\" data-id=\"df610e6\" data-element_type=\"widget\" data-widget_type=\"text-editor.default\">\n\t\t\t\t<div class=\"elementor-widget-container\">\n\t\t\t\t\t\t\t\t\t<p>Chez Siete, chaque soir a son histoire. Soir\u00e9es DJ, concerts acoustiques, afterworks, d\u00e9gustations\u2026 Restez connect\u00e9s \u00e0 nos r\u00e9seaux pour ne rien manquer de notre programmation.<\/p>\t\t\t\t\t\t\t\t<\/div>\n\t\t\t\t<\/div>\n\t\t\t\t<\/div>\n\t\t\t\t<div class=\"elementor-element elementor-element-1931a40 elementor-widget elementor-widget-button\" data-id=\"1931a40\" data-element_type=\"widget\" data-widget_type=\"button.default\">\n\t\t\t\t<div class=\"elementor-widget-container\">\n\t\t\t\t\t\t\t\t\t<div class=\"elementor-button-wrapper\">\n\t\t\t\t\t<a class=\"elementor-button elementor-button-link elementor-size-sm\" href=\"#\">\n\t\t\t\t\t\t<span class=\"elementor-button-content-wrapper\">\n\t\t\t\t\t\t\t\t\t<span class=\"elementor-button-text\">Contactez-Nous<\/span>\n\t\t\t\t\t<\/span>\n\t\t\t\t\t<\/a>\n\t\t\t\t<\/div>\n\t\t\t\t\t\t\t\t<\/div>\n\t\t\t\t<\/div>\n\t\t\t\t<\/div>\n\t\t\t\t\t<\/div>\n\t\t\t\t<\/div>\n\t\t\t\t<\/div>\n\t\t","protected":false},"excerpt":{"rendered":"<p>Le Restaurant Notre Philosophie Le Siete incarne une vision moderne et audacieuse de la bistronomie. Nous combinons la cr\u00e9ativit\u00e9 culinaire, la qualit\u00e9 des produits, et l\u2019art de recevoir pour cr\u00e9er une exp\u00e9rience m\u00e9morable, accessible mais exceptionnelle. Contactez-Nous Ambiance &amp; \u00c9v\u00e9nements \u00e0 Antananarivo Situ\u00e9 au c\u0153ur d\u2019Antananarivo, Le Siete r\u00e9invente l\u2019exp\u00e9rience bistronomique dans une ambiance festive [&hellip;]<\/p>\n","protected":false},"author":1,"featured_media":0,"parent":0,"menu_order":0,"comment_status":"closed","ping_status":"closed","template":"elementor_header_footer","meta":{"footnotes":""},"class_list":["post-78","page","type-page","status-publish","hentry"],"_links":{"self":[{"href":"https:\/\/siete.mg\/index.php?rest_route=\/wp\/v2\/pages\/78","targetHints":{"allow":["GET"]}}],"collection":[{"href":"https:\/\/siete.mg\/index.php?rest_route=\/wp\/v2\/pages"}],"about":[{"href":"https:\/\/siete.mg\/index.php?rest_route=\/wp\/v2\/types\/page"}],"author":[{"embeddable":true,"href":"https:\/\/siete.mg\/index.php?rest_route=\/wp\/v2\/users\/1"}],"replies":[{"embeddable":true,"href":"https:\/\/siete.mg\/index.php?rest_route=%2Fwp%2Fv2%2Fcomments&post=78"}],"version-history":[{"count":31,"href":"https:\/\/siete.mg\/index.php?rest_route=\/wp\/v2\/pages\/78\/revisions"}],"predecessor-version":[{"id":378,"href":"https:\/\/siete.mg\/index.php?rest_route=\/wp\/v2\/pages\/78\/revisions\/378"}],"wp:attachment":[{"href":"https:\/\/siete.mg\/index.php?rest_route=%2Fwp%2Fv2%2Fmedia&parent=78"}],"curies":[{"name":"wp","href":"https:\/\/api.w.org\/{rel}","templated":true}]}}