{"id":80,"date":"2025-06-29T09:25:10","date_gmt":"2025-06-29T09:25:10","guid":{"rendered":"https:\/\/siete.mg\/?page_id=80"},"modified":"2025-07-02T09:00:15","modified_gmt":"2025-07-02T09:00:15","slug":"evenement","status":"publish","type":"page","link":"https:\/\/siete.mg\/?page_id=80","title":{"rendered":"evenement"},"content":{"rendered":"\t\t<div data-elementor-type=\"wp-page\" data-elementor-id=\"80\" class=\"elementor elementor-80\">\n\t\t\t\t<div class=\"elementor-element elementor-element-e38bcd6 e-flex e-con-boxed e-con e-parent\" data-id=\"e38bcd6\" data-element_type=\"container\" data-settings=\"{&quot;background_background&quot;:&quot;video&quot;,&quot;background_video_link&quot;:&quot;https:\\\/\\\/www.youtube.com\\\/watch?v=M5GAa2pF4t4&quot;,&quot;background_play_on_mobile&quot;:&quot;yes&quot;}\">\n\t\t\t\t\t<div class=\"e-con-inner\">\n\t\t<div class=\"elementor-background-video-container\">\n\t\t\t\t\t\t\t<div class=\"elementor-background-video-embed\"><\/div>\n\t\t\t\t\t\t<\/div>\t\t<div class=\"elementor-element elementor-element-aac891f elementor-invisible elementor-widget elementor-widget-heading\" data-id=\"aac891f\" data-element_type=\"widget\" data-settings=\"{&quot;_animation&quot;:&quot;fadeInUp&quot;}\" data-widget_type=\"heading.default\">\n\t\t\t\t<div class=\"elementor-widget-container\">\n\t\t\t\t\t<h2 class=\"elementor-heading-title elementor-size-default\">Nos \u00c9v\u00e9nements<\/h2>\t\t\t\t<\/div>\n\t\t\t\t<\/div>\n\t\t\t\t\t<\/div>\n\t\t\t\t<\/div>\n\t\t<div class=\"elementor-element elementor-element-924a48d e-flex e-con-boxed e-con e-parent\" data-id=\"924a48d\" data-element_type=\"container\" data-settings=\"{&quot;background_background&quot;:&quot;classic&quot;}\">\n\t\t\t\t\t<div class=\"e-con-inner\">\n\t\t\t\t<div class=\"elementor-element elementor-element-2ae0bdd elementor-invisible elementor-widget elementor-widget-heading\" data-id=\"2ae0bdd\" data-element_type=\"widget\" data-settings=\"{&quot;_animation&quot;:&quot;fadeInUp&quot;}\" data-widget_type=\"heading.default\">\n\t\t\t\t<div class=\"elementor-widget-container\">\n\t\t\t\t\t<h2 class=\"elementor-heading-title elementor-size-default\">Une exp\u00e9rience \u00e9v\u00e9nementielle unique<\/h2>\t\t\t\t<\/div>\n\t\t\t\t<\/div>\n\t\t<div class=\"elementor-element elementor-element-1574195 e-con-full e-flex e-con e-child\" data-id=\"1574195\" data-element_type=\"container\">\n\t\t\t\t<div class=\"elementor-element elementor-element-ae6e252 elementor-invisible elementor-widget elementor-widget-text-editor\" data-id=\"ae6e252\" data-element_type=\"widget\" data-settings=\"{&quot;_animation&quot;:&quot;fadeInUp&quot;}\" data-widget_type=\"text-editor.default\">\n\t\t\t\t<div class=\"elementor-widget-container\">\n\t\t\t\t\t\t\t\t\t<p><span style=\"font-weight: 400;\">Au <\/span><b>Siete<\/b><span style=\"font-weight: 400;\">, chaque \u00e9v\u00e9nement est pens\u00e9 avec audace et modernit\u00e9. Nous allions innovation culinaire, produits d\u2019excellence et accueil chaleureux pour offrir des moments inoubliables, m\u00ealant convivialit\u00e9 et raffinement.<\/span><\/p>\t\t\t\t\t\t\t\t<\/div>\n\t\t\t\t<\/div>\n\t\t\t\t<\/div>\n\t\t\t\t<div class=\"elementor-element elementor-element-ebb2fca elementor-invisible elementor-widget elementor-widget-button\" data-id=\"ebb2fca\" data-element_type=\"widget\" data-settings=\"{&quot;_animation&quot;:&quot;fadeInUp&quot;}\" data-widget_type=\"button.default\">\n\t\t\t\t<div class=\"elementor-widget-container\">\n\t\t\t\t\t\t\t\t\t<div class=\"elementor-button-wrapper\">\n\t\t\t\t\t<a class=\"elementor-button elementor-button-link elementor-size-sm\" href=\"#\">\n\t\t\t\t\t\t<span class=\"elementor-button-content-wrapper\">\n\t\t\t\t\t\t\t\t\t<span class=\"elementor-button-text\">Contactez-Nous<\/span>\n\t\t\t\t\t<\/span>\n\t\t\t\t\t<\/a>\n\t\t\t\t<\/div>\n\t\t\t\t\t\t\t\t<\/div>\n\t\t\t\t<\/div>\n\t\t\t\t\t<\/div>\n\t\t\t\t<\/div>\n\t\t<div class=\"elementor-element elementor-element-9d706e3 e-flex e-con-boxed e-con e-parent\" data-id=\"9d706e3\" data-element_type=\"container\">\n\t\t\t\t\t<div class=\"e-con-inner\">\n\t\t<div class=\"elementor-element elementor-element-dc95b85 e-con-full e-flex elementor-invisible e-con e-child\" data-id=\"dc95b85\" data-element_type=\"container\" data-settings=\"{&quot;animation&quot;:&quot;fadeInLeft&quot;}\">\n\t\t\t\t<div class=\"elementor-element elementor-element-326914e elementor-widget elementor-widget-heading\" data-id=\"326914e\" data-element_type=\"widget\" data-widget_type=\"heading.default\">\n\t\t\t\t<div class=\"elementor-widget-container\">\n\t\t\t\t\t<h2 class=\"elementor-heading-title elementor-size-default\">Des \u00c9v\u00e9nements Inoubliables<\/h2>\t\t\t\t<\/div>\n\t\t\t\t<\/div>\n\t\t<div class=\"elementor-element elementor-element-f42c743 e-con-full e-flex e-con e-child\" data-id=\"f42c743\" data-element_type=\"container\">\n\t\t\t\t<div class=\"elementor-element elementor-element-1c6573b elementor-widget elementor-widget-text-editor\" data-id=\"1c6573b\" data-element_type=\"widget\" data-widget_type=\"text-editor.default\">\n\t\t\t\t<div class=\"elementor-widget-container\">\n\t\t\t\t\t\t\t\t\t<p><span style=\"font-weight: 400;\">Au <\/span><b>Siete<\/b><span style=\"font-weight: 400;\">, chaque soir\u00e9e est une f\u00eate o\u00f9 cr\u00e9ativit\u00e9 et convivialit\u00e9 se rencontrent. Vivez des moments uniques, entre gastronomie raffin\u00e9e et animations dynamiques.<\/span><\/p>\t\t\t\t\t\t\t\t<\/div>\n\t\t\t\t<\/div>\n\t\t\t\t<\/div>\n\t\t<div class=\"elementor-element elementor-element-89592ac e-con-full e-flex e-con e-child\" data-id=\"89592ac\" data-element_type=\"container\">\n\t\t\t\t<div class=\"elementor-element elementor-element-1777ed0 elementor-widget elementor-widget-image\" data-id=\"1777ed0\" data-element_type=\"widget\" data-widget_type=\"image.default\">\n\t\t\t\t<div class=\"elementor-widget-container\">\n\t\t\t\t\t\t\t\t\t\t\t\t\t\t\t<img decoding=\"async\" src=\"https:\/\/siete.mg\/wp-content\/uploads\/elementor\/thumbs\/WhatsApp-Image-2025-05-17-at-15.00.56-1-r83zaqcny1my6tpcqgmtri98veek1jfjwlkh6xjedk.jpeg\" title=\"WhatsApp Image 2025-05-17 at 15.00.56 (1)\" alt=\"WhatsApp Image 2025-05-17 at 15.00.56 (1)\" loading=\"lazy\" \/>\t\t\t\t\t\t\t\t\t\t\t\t\t\t\t<\/div>\n\t\t\t\t<\/div>\n\t\t\t\t<\/div>\n\t\t\t\t<\/div>\n\t\t<div class=\"elementor-element elementor-element-76cfa7d e-con-full e-flex elementor-invisible e-con e-child\" data-id=\"76cfa7d\" data-element_type=\"container\" data-settings=\"{&quot;animation&quot;:&quot;fadeInRight&quot;}\">\n\t\t\t\t<div class=\"elementor-element elementor-element-68039a1 elementor-widget elementor-widget-heading\" data-id=\"68039a1\" data-element_type=\"widget\" data-widget_type=\"heading.default\">\n\t\t\t\t<div class=\"elementor-widget-container\">\n\t\t\t\t\t<h2 class=\"elementor-heading-title elementor-size-default\">L\u2019Art de Recevoir \u00e0 Antananarivo<\/h2>\t\t\t\t<\/div>\n\t\t\t\t<\/div>\n\t\t<div class=\"elementor-element elementor-element-b409a15 e-con-full e-flex e-con e-child\" data-id=\"b409a15\" data-element_type=\"container\">\n\t\t\t\t<div class=\"elementor-element elementor-element-52fa091 elementor-widget elementor-widget-text-editor\" data-id=\"52fa091\" data-element_type=\"widget\" data-widget_type=\"text-editor.default\">\n\t\t\t\t<div class=\"elementor-widget-container\">\n\t\t\t\t\t\t\t\t\t<p><span style=\"font-weight: 400;\">Nous combinons produits de qualit\u00e9 et accueil chaleureux pour faire de vos \u00e9v\u00e9nements des exp\u00e9riences m\u00e9morables, accessibles et \u00e9l\u00e9gantes au c\u0153ur de la capitale.<\/span><\/p>\t\t\t\t\t\t\t\t<\/div>\n\t\t\t\t<\/div>\n\t\t\t\t<\/div>\n\t\t<div class=\"elementor-element elementor-element-8ea99cd e-con-full e-flex e-con e-child\" data-id=\"8ea99cd\" data-element_type=\"container\">\n\t\t\t\t<div class=\"elementor-element elementor-element-d1f3621 elementor-widget elementor-widget-image\" data-id=\"d1f3621\" data-element_type=\"widget\" data-widget_type=\"image.default\">\n\t\t\t\t<div class=\"elementor-widget-container\">\n\t\t\t\t\t\t\t\t\t\t\t\t\t\t\t<img decoding=\"async\" src=\"https:\/\/siete.mg\/wp-content\/uploads\/elementor\/thumbs\/WhatsApp-Image-2025-05-17-at-15.00.51-2-r83zbttvx34zqg40bxp5o8altkzz0tsa20yvcjwv48.jpeg\" title=\"WhatsApp Image 2025-05-17 at 15.00.51 (2)\" alt=\"WhatsApp Image 2025-05-17 at 15.00.51 (2)\" loading=\"lazy\" \/>\t\t\t\t\t\t\t\t\t\t\t\t\t\t\t<\/div>\n\t\t\t\t<\/div>\n\t\t\t\t<\/div>\n\t\t\t\t<\/div>\n\t\t\t\t\t<\/div>\n\t\t\t\t<\/div>\n\t\t<div class=\"elementor-element elementor-element-6cc36a4 e-flex e-con-boxed e-con e-parent\" data-id=\"6cc36a4\" data-element_type=\"container\" data-settings=\"{&quot;background_background&quot;:&quot;classic&quot;}\">\n\t\t\t\t\t<div class=\"e-con-inner\">\n\t\t<div class=\"elementor-element elementor-element-a38770a e-con-full e-flex elementor-invisible e-con e-child\" data-id=\"a38770a\" data-element_type=\"container\" data-settings=\"{&quot;background_background&quot;:&quot;classic&quot;,&quot;animation&quot;:&quot;fadeInLeft&quot;}\">\n\t\t\t\t<div class=\"elementor-element elementor-element-bb6084e elementor-widget elementor-widget-heading\" data-id=\"bb6084e\" data-element_type=\"widget\" data-widget_type=\"heading.default\">\n\t\t\t\t<div class=\"elementor-widget-container\">\n\t\t\t\t\t<h2 class=\"elementor-heading-title elementor-size-default\">La Carte du<\/h2>\t\t\t\t<\/div>\n\t\t\t\t<\/div>\n\t\t\t\t<div class=\"elementor-element elementor-element-6c7f00e elementor-widget elementor-widget-heading\" data-id=\"6c7f00e\" data-element_type=\"widget\" data-widget_type=\"heading.default\">\n\t\t\t\t<div class=\"elementor-widget-container\">\n\t\t\t\t\t<h2 class=\"elementor-heading-title elementor-size-default\">RESTAURANT<\/h2>\t\t\t\t<\/div>\n\t\t\t\t<\/div>\n\t\t<div class=\"elementor-element elementor-element-1c506b9 e-con-full e-flex e-con e-child\" data-id=\"1c506b9\" data-element_type=\"container\">\n\t\t\t\t<div class=\"elementor-element elementor-element-e308b92 elementor-widget elementor-widget-text-editor\" data-id=\"e308b92\" data-element_type=\"widget\" data-widget_type=\"text-editor.default\">\n\t\t\t\t<div class=\"elementor-widget-container\">\n\t\t\t\t\t\t\t\t\t<p>Siete vous propose ici, une cuisine familiale, conviviale &amp;<br \/>chaleureuse et de qualit\u00e9, d&rsquo;inspiration m\u00e9diterran\u00e9enne.<\/p>\t\t\t\t\t\t\t\t<\/div>\n\t\t\t\t<\/div>\n\t\t\t\t<\/div>\n\t\t\t\t<div class=\"elementor-element elementor-element-52bb9d5 elementor-widget elementor-widget-button\" data-id=\"52bb9d5\" data-element_type=\"widget\" data-widget_type=\"button.default\">\n\t\t\t\t<div class=\"elementor-widget-container\">\n\t\t\t\t\t\t\t\t\t<div class=\"elementor-button-wrapper\">\n\t\t\t\t\t<a class=\"elementor-button elementor-button-link elementor-size-sm\" href=\"https:\/\/siete.mg\/?page_id=90\">\n\t\t\t\t\t\t<span class=\"elementor-button-content-wrapper\">\n\t\t\t\t\t\t\t\t\t<span class=\"elementor-button-text\">D\u00e9couvrir<\/span>\n\t\t\t\t\t<\/span>\n\t\t\t\t\t<\/a>\n\t\t\t\t<\/div>\n\t\t\t\t\t\t\t\t<\/div>\n\t\t\t\t<\/div>\n\t\t\t\t<\/div>\n\t\t<div class=\"elementor-element elementor-element-340db90 e-con-full e-flex elementor-invisible e-con e-child\" data-id=\"340db90\" data-element_type=\"container\" data-settings=\"{&quot;background_background&quot;:&quot;classic&quot;,&quot;animation&quot;:&quot;fadeInRight&quot;}\">\n\t\t\t\t<\/div>\n\t\t\t\t\t<\/div>\n\t\t\t\t<\/div>\n\t\t\t\t<\/div>\n\t\t","protected":false},"excerpt":{"rendered":"<p>Nos \u00c9v\u00e9nements Une exp\u00e9rience \u00e9v\u00e9nementielle unique Au Siete, chaque \u00e9v\u00e9nement est pens\u00e9 avec audace et modernit\u00e9. Nous allions innovation culinaire, produits d\u2019excellence et accueil chaleureux pour offrir des moments inoubliables, m\u00ealant convivialit\u00e9 et raffinement. Contactez-Nous Des \u00c9v\u00e9nements Inoubliables Au Siete, chaque soir\u00e9e est une f\u00eate o\u00f9 cr\u00e9ativit\u00e9 et convivialit\u00e9 se rencontrent. Vivez des moments uniques, [&hellip;]<\/p>\n","protected":false},"author":1,"featured_media":0,"parent":0,"menu_order":0,"comment_status":"closed","ping_status":"closed","template":"elementor_header_footer","meta":{"footnotes":""},"class_list":["post-80","page","type-page","status-publish","hentry"],"_links":{"self":[{"href":"https:\/\/siete.mg\/index.php?rest_route=\/wp\/v2\/pages\/80","targetHints":{"allow":["GET"]}}],"collection":[{"href":"https:\/\/siete.mg\/index.php?rest_route=\/wp\/v2\/pages"}],"about":[{"href":"https:\/\/siete.mg\/index.php?rest_route=\/wp\/v2\/types\/page"}],"author":[{"embeddable":true,"href":"https:\/\/siete.mg\/index.php?rest_route=\/wp\/v2\/users\/1"}],"replies":[{"embeddable":true,"href":"https:\/\/siete.mg\/index.php?rest_route=%2Fwp%2Fv2%2Fcomments&post=80"}],"version-history":[{"count":22,"href":"https:\/\/siete.mg\/index.php?rest_route=\/wp\/v2\/pages\/80\/revisions"}],"predecessor-version":[{"id":387,"href":"https:\/\/siete.mg\/index.php?rest_route=\/wp\/v2\/pages\/80\/revisions\/387"}],"wp:attachment":[{"href":"https:\/\/siete.mg\/index.php?rest_route=%2Fwp%2Fv2%2Fmedia&parent=80"}],"curies":[{"name":"wp","href":"https:\/\/api.w.org\/{rel}","templated":true}]}}